{"id":376,"date":"2024-09-10T09:45:18","date_gmt":"2024-09-10T12:45:18","guid":{"rendered":"https:\/\/smartturbobauru.com.br\/?page_id=376"},"modified":"2024-09-10T09:45:19","modified_gmt":"2024-09-10T12:45:19","slug":"privacidade","status":"publish","type":"page","link":"https:\/\/smartturbobauru.com.br\/?page_id=376","title":{"rendered":"Privacidade"},"content":{"rendered":"\n<p>Pol\u00edtica de Privacidade<\/p>\n\n\n\n<p>Este site \u00e9 mantido e operado por Smart Turbo Bauru. A pol\u00edtica de privacidade e termos de uso se aplicam a todos os usu\u00e1rios que acessam nosso website. A privacidade dos visitantes do nosso site \u00e9 muito importante para n\u00f3s, e estamos comprometidos em proteg\u00ea-la. Coletamos e utilizamos alguns dados pessoais pertencentes \u00e0queles usu\u00e1rios que utilizam este website. Agimos na qualidade de controlador desses dados de acordo com a legisla\u00e7\u00e3o federal e com as normas internacionais de seguran\u00e7a da informa\u00e7\u00e3o.<\/p>\n\n\n\n<p>Introdu\u00e7\u00e3o<\/p>\n\n\n\n<p>Disponibilizamos esta pol\u00edtica de privacidade, que cont\u00e9m informa\u00e7\u00f5es importantes sobre: \u2013 Quem deve utilizar este website \u2013 Quais dados coletamos e o que fazemos com eles \u2013 Seus direitos em rela\u00e7\u00e3o aos seus dados pessoais \u2013 Como entrar em contato conosco Esta pol\u00edtica explica o que faremos com suas informa\u00e7\u00f5es pessoais e visa esclarecer a todos os(as) interessados(as) sobre os tipos de dados que coletamos, os motivos da coleta e a forma como os usu\u00e1rios deste site podem gerenciar ou excluir suas informa\u00e7\u00f5es pessoais. Os presentes termos foram elaborados em conformidade com a Lei Geral de Prote\u00e7\u00e3o de Dados pessoais (Lei 13.709\/18), o Marco Civil da Internet (Lei 12.965\/14) e o Regulamento da EU (n.2016\/6790).<\/p>\n\n\n\n<p>1 \u2013 Quem deve utilizar este site<\/p>\n\n\n\n<p>Este site pode ser pode ser utilizado por adultos, adolescentes e crian\u00e7as.<\/p>\n\n\n\n<p>2 \u2013 Dados que coletamos e motivos da coleta<\/p>\n\n\n\n<p>Nosso site coleta e utiliza alguns dados pessoais dos visitantes e usu\u00e1rios da seguinte forma:<\/p>\n\n\n\n<p>2.1) Dados pessoais fornecidos expressamente pelo usu\u00e1rio<\/p>\n\n\n\n<p>N\u00e3o coletamos dados pessoais fornecidos pelos usu\u00e1rios.<\/p>\n\n\n\n<p>2.2) Dados pessoais comportamentais: Quando o usu\u00e1rio visita o nosso website, \u00e9 inserido um \u2018cookie\u2019 em seu navegador por meio do software Google Analytics, para identificar quantas vezes visitou o nosso endere\u00e7o eletr\u00f4nico, quanto tempo permaneceu em nosso website, desde que cidade nos acessou e quais p\u00e1ginas leu e recomendou, entre outros. Coletamos os seguintes dados pessoais atrav\u00e9s de cookies e outras formas que os usu\u00e1rios geram e\/ou nos fornecem ao utilizar nosso site:<\/p>\n\n\n\n<p>\u2013 Endere\u00e7o IP;<\/p>\n\n\n\n<p>\u2013 Dados de geolocaliza\u00e7\u00e3o e localiza\u00e7\u00e3o geogr\u00e1fica;<\/p>\n\n\n\n<p>\u2013 Palavras-chave e termos buscados;<\/p>\n\n\n\n<p>\u2013 Fonte de refer\u00eancia, tipo e vers\u00e3o de navegador;<\/p>\n\n\n\n<p>\u2013 P\u00e1ginas visitadas, tempo de dura\u00e7\u00e3o de cada visita e hist\u00f3rico de visitas<\/p>\n\n\n\n<p>\u2013 Dados contextuais baseados na experi\u00eancia de navega\u00e7\u00e3o, como datas e hor\u00e1rios de acesso mais frequentes, contagem de cliques em links e bot\u00f5es, n\u00famero de downloads de materiais, aberturas de newsletters, entre outros. A coleta destes dados ocorre nos seguintes momentos:<\/p>\n\n\n\n<p>\u2013 Quando o usu\u00e1rio visita uma de nossas p\u00e1ginas;<\/p>\n\n\n\n<p>\u2013 Quando o usu\u00e1rio entra em contato por e-mail, telefone ou formul\u00e1rio;<\/p>\n\n\n\n<p>\u2013 Quando realiza algum tipo de intera\u00e7\u00e3o com nosso site; Os dados gerados e\/ou fornecidos por nossos usu\u00e1rios s\u00e3o coletados com as seguintes finalidades:<\/p>\n\n\n\n<p>\u2013 Para garantir a seguran\u00e7a do website;<\/p>\n\n\n\n<p>\u2013 Para detectar comportamento fora do habitual e brechas de seguran\u00e7a;<\/p>\n\n\n\n<p>\u2013 Para rastrear de onde partem poss\u00edveis tentativas de invas\u00e3o;<\/p>\n\n\n\n<p>\u2013 Para cumprir determina\u00e7\u00e3o legal de armazenamento de registros de acesso, conforme o disposto no art. 15 do Marco Civil da Internet;<\/p>\n\n\n\n<p>\u2013 Para gerar estat\u00edsticas de visita\u00e7\u00e3o e de intera\u00e7\u00e3o com nosso site;<\/p>\n\n\n\n<p>\u2013 Para desenvolver novas funcionalidades em nosso website;<\/p>\n\n\n\n<p>\u2013 Para otimizar e aprimorar a navega\u00e7\u00e3o, usabilidade e layout do site;<\/p>\n\n\n\n<p>\u2013 Para compreender como os usu\u00e1rios utilizam nosso site e ajudar nas pesquisa de novas solu\u00e7\u00f5es, cursos, conte\u00fados, produtos e servi\u00e7os;<\/p>\n\n\n\n<p>\u2013 Para realizar an\u00fancios e comunica\u00e7\u00e3o direcionada aos gostos e interesses do usu\u00e1rios;<\/p>\n\n\n\n<p>\u2013 Para personalizar a experi\u00eancia do usu\u00e1rio que visita nosso site;<\/p>\n\n\n\n<p>\u2013 Para assegurar a autenticidade das transa\u00e7\u00f5es feitas no site;<\/p>\n\n\n\n<p>\u2013 Para cumprir com nossas obriga\u00e7\u00f5es legais e regulat\u00f3rias;<\/p>\n\n\n\n<p>2.3) Dados pessoais sens\u00edveis: N\u00e3o coletamos dados sens\u00edveis de nossos usu\u00e1rios, assim entendidos aqueles definidos nos arts. 11 e seguintes da Lei Geral da Prote\u00e7\u00e3o de Dados Pessoais.<\/p>\n\n\n\n<p>2.4) Dados de crian\u00e7as e adolescentes: Este site n\u00e3o coleta dados de crian\u00e7as e adolescentes.<\/p>\n\n\n\n<p>2.5) Cookies:<\/p>\n\n\n\n<p>Cookies s\u00e3o pequenos arquivos de texto baixados automaticamente em seu dispositivo quando voc\u00ea acessa e navega por um site. Eles servem, para que seja poss\u00edvel identificar dispositivos, atividades e prefer\u00eancias de usu\u00e1rios. Os cookies n\u00e3o permitem que qualquer arquivo ou informa\u00e7\u00e3o sejam extra\u00eddos do disco r\u00edgido do usu\u00e1rio. N\u00e3o sendo poss\u00edvel que, por meio dos cookies, se tenha acesso a informa\u00e7\u00f5es pessoais que n\u00e3o tenham partido do usu\u00e1rio ou da forma como utiliza os recursos e funcionalidades do site. A desativa\u00e7\u00e3o dos cookies que podem ser desabilitados poder\u00e1 prejudicar a experi\u00eancia do usu\u00e1rio, uma vez que informa\u00e7\u00f5es utilizadas para personaliz\u00e1-la deixar\u00e3o de ser utilizadas.<\/p>\n\n\n\n<ol class=\"wp-block-list\"><li>a) Cookies do Site<\/li><\/ol>\n\n\n\n<p>Os cookies do site s\u00e3o aqueles enviados ao computador ou dispositivo do usu\u00e1rio, exclusivamente pelo website. As informa\u00e7\u00f5es coletadas por meio destes cookies s\u00e3o utilizadas para melhorar e personalizar a experi\u00eancia do usu\u00e1rio, sendo que alguns cookies podem, por exemplo, ser utilizados para lembrar as prefer\u00eancias e escolhas do usu\u00e1rio, bem como para o oferecimento de conte\u00fado personalizado.<\/p>\n\n\n\n<ol class=\"wp-block-list\"><li>b) Cookies de Terceiros<\/li><\/ol>\n\n\n\n<p>Alguns de nossos parceiros podem configurar cookies nos dispositivos dos usu\u00e1rios que acessam nosso site. Estes cookies, em geral, visam possibilitar que nossos parceiros possam oferecer seu conte\u00fado e seus servi\u00e7os ao usu\u00e1rio que acessa nosso site de forma personalizada, por meio da obten\u00e7\u00e3o de dados de navega\u00e7\u00e3o extra\u00eddos a partir de sua intera\u00e7\u00e3o com o site. O usu\u00e1rio poder\u00e1 obter mais informa\u00e7\u00f5es sobre os cookies de terceiros e sobre a forma como os dados obtidos a partir dele s\u00e3o tratados, al\u00e9m de ter acesso \u00e0 descri\u00e7\u00e3o dos cookies utilizados e de suas caracter\u00edsticas, acessando os seguintes links: Google Analytics: https:\/\/developers.google.com\/analytics\/devguides\/collection\/gajs\/cookie-usage;<\/p>\n\n\n\n<ol class=\"wp-block-list\"><li>c) Gest\u00e3o de Cookies<\/li><\/ol>\n\n\n\n<p>O usu\u00e1rio poder\u00e1 se opor ao registro de cookies pelo site, bastando que desative esta op\u00e7\u00e3o no seu pr\u00f3prio navegador. Mais informa\u00e7\u00e3o sobre como fazer isso em alguns dos principais navegadores utilizados hoje podem ser acessados a partir dos seguintes links:<\/p>\n\n\n\n<p>Internet Explorer: https:\/\/support.microsoft.com\/pt-br\/topic\/excluir-e-gerenciar-cookies-168dab11-0753-043d-7c16-ede5947fc64d<\/p>\n\n\n\n<p>Safari: https:\/\/support.apple.com\/pt-br\/guide\/safari\/sfri11471\/mac<\/p>\n\n\n\n<p>Google Chrome: https:\/\/support.google.com\/chrome\/answer\/95647<\/p>\n\n\n\n<p>Mozila Firefox: https:\/\/support.mozilla.org\/pt-BR\/kb\/cookies-informacoes-sites-armazenam-no-computador#w_configuracoes-de-cookies<\/p>\n\n\n\n<p>Opera: https:\/\/www.opera.com\/pt\/secure-private-browser<\/p>\n\n\n\n<p>O usu\u00e1rio tamb\u00e9m poder\u00e1 se opor \u00e0 utiliza\u00e7\u00e3o de cookies pelo pr\u00f3prio site, bastando que os desative no momento em que come\u00e7ar a utilizar o site pela primeira vez, clicando no aviso de cookies e depois desativando esta op\u00e7\u00e3o no seu navegador, para se assegurar de que o registro de cookies foi desativado. Assim que entrar no site pela primeira vez, o usu\u00e1rio ter\u00e1 a op\u00e7\u00e3o de bloquear ou de permitir a utiliza\u00e7\u00e3o de cookies, bastando que selecione a op\u00e7\u00e3o correspondente na caixa de di\u00e1logo (aviso de cookies) carregada automaticamente assim que nossa p\u00e1gina \u00e9 acessada. A desativa\u00e7\u00e3o dos cookies, no entanto, pode afetar a disponibilidade de algumas ferramentas e funcionalidades do site, comprometendo seu correto e esperado funcionamento. Outra consequ\u00eancia poss\u00edvel \u00e9 a remo\u00e7\u00e3o das prefer\u00eancias do usu\u00e1rio que eventualmente tiverem sido salvas, prejudicando sua experi\u00eancia de navega\u00e7\u00e3o. A desativa\u00e7\u00e3o de todos os cookies, no entanto, n\u00e3o ser\u00e1 poss\u00edvel, uma vez que alguns deles s\u00e3o essenciais para que o site funcione corretamente.<\/p>\n\n\n\n<p>3 \u2013 Compartilhamento de Dados com Terceiros<\/p>\n\n\n\n<p>Os dados coletados atrav\u00e9s deste site podem ser compartilhados com as seguintes empresas, aplica\u00e7\u00f5es e\/ou ferramentas:<\/p>\n\n\n\n<p>\u2013 Compartilhamos alguns dados com o Google e outras ferramentas de Analytics para realizar an\u00e1lises e gerar relat\u00f3rios;<\/p>\n\n\n\n<p>\u2013 Podemos compartilhar dados com ferramentas de constru\u00e7\u00e3o de p\u00e1ginas web, formul\u00e1rios online e envio de boletins via e-mail;<\/p>\n\n\n\n<p>\u2013 Empresas parceiras ou contratadas para fornecer servi\u00e7os terceirizados como ag\u00eancias de marketing, softwares de gest\u00e3o, aplicativos de automa\u00e7\u00e3o, auditorias e\/ou processadoras de pagamento;<\/p>\n\n\n\n<p>\u2013 Autoridades judiciais, administrativas ou governamentais competentes, sempre que houver determina\u00e7\u00e3o legal, requerimento, requisi\u00e7\u00e3o ou ordem judicial; Estes dados s\u00e3o compartilhados pelas seguintes raz\u00f5es e para as seguintes finalidades: \u2013 Para que os usu\u00e1rios possam receber experi\u00eancia de navega\u00e7\u00e3o, ofertas de produtos e servi\u00e7os personalizados, de acordo a seus interesses;<\/p>\n\n\n\n<p>\u2013 Podemos compartilhar dados com empresas parceiras que fornecem servi\u00e7os ou aplicativos de marketing, pagamento e processamento de dados, para fins de viabilizar pagamentos, auditorias, pesquisas, estudos, an\u00e1lises, cria\u00e7\u00e3o de conte\u00fado personalizado, campanhas de publicidade, automatizar tarefas e\/ou melhorar o nosso atendimento;<\/p>\n\n\n\n<p>\u2013 Para todo e qualquer fim que o usu\u00e1rio nos autorize no momento da coleta dos dados; Al\u00e9m das situa\u00e7\u00f5es aqui informadas, \u00e9 poss\u00edvel que compartilhemos dados com terceiros para cumprir alguma determina\u00e7\u00e3o legal, t\u00e9cnica ou regulat\u00f3ria. No caso de Informa\u00e7\u00f5es a serem compartilhadas em cumprimento de solicita\u00e7\u00e3o de autoridade p\u00fablica, a mesma sempre ser\u00e1 efetuada mediante ordem judicial, conforme definido em Lei. Em qualquer caso, o compartilhamento de dados pessoais observar\u00e1 todas as leis e regras aplic\u00e1veis, buscando sempre garantir a seguran\u00e7a dos dados de nossos usu\u00e1rios, observados os padr\u00f5es t\u00e9cnicos e boas pr\u00e1ticas de seguran\u00e7a da informa\u00e7\u00e3o. Ao continuar utilizando este site voc\u00ea nos autoriza a compartilhar seus dados. Este website poder\u00e1 operar em conjunto de outras empresas numa ampla gama de atividades em conjunto com anunciantes, patrocinadores, fornecedores e parceiros comerciais, online e offline, al\u00e9m das ferramentas de divulga\u00e7\u00e3o, publicidade e an\u00e1lises de desempenho. Nos reservamos o direito de compartilhar as suas informa\u00e7\u00f5es, incluindo os dados de localiza\u00e7\u00e3o, cadastro e de interesses, com nossos parceiros, anunciantes, fornecedores e provedores de servi\u00e7os, sempre que for poss\u00edvel, de forma an\u00f4nima, visando preservar a sua privacidade. Por meio deste documento, voc\u00ea autoriza-nos expressamente tais compartilhamentos. Este site permite que outras empresas e redes de an\u00fancio fa\u00e7am publicidade na nossa plataforma por meio de diferentes tecnologias. Portanto, poder\u00e1 eventualmente receber diretamente an\u00fancios, conte\u00fados e links exibidos de forma personalizada, de acordo com os seus interesses e comportamentos na nossa plataforma, redes sociais online ou em outros servi\u00e7os com os quais interage. Para tanto, os dados podem ser compartilhados entre n\u00f3s e essas outras empresas, principalmente identificadores \u00fanicos, endere\u00e7os IP, cookies e scripts java, que podem ser utilizados para medir a efici\u00eancia da publicidade online. Por meio deste documento, autoriza-nos expressamente a realizar o compartilhamento de seus dados. N\u00e3o nos responsabilizamos pelos atos, an\u00fancios e conte\u00fado gerados por nossos parceiros comerciais e redes de an\u00fancio, e esta Pol\u00edtica n\u00e3o \u00e9 aplicada aos mesmos, uma vez que n\u00f3s n\u00e3o as controlamos. Todos os seus dados, informa\u00e7\u00f5es e conte\u00fados podem ser considerados ativos no caso das negocia\u00e7\u00f5es em que fizermos parte. Portanto, reservamo-nos o direito de incluir os seus dados dentre os ativos da empresa caso esta venha a ser vendida, adquirida ou fundida com outra. Por meio desta Pol\u00edtica voc\u00ea concorda e est\u00e1 ciente desta possibilidade.<\/p>\n\n\n\n<p>4 \u2013 Por quanto tempo seus dados pessoais s\u00e3o armazenados<\/p>\n\n\n\n<p>Os dados pessoais coletados atrav\u00e9s do site s\u00e3o armazenados e utilizados pelo per\u00edodo de tempo que for necess\u00e1rio para atingir as finalidades elencadas neste documento e que consideram os direitos de seus titulares, os direitos do controlador do site e as disposi\u00e7\u00f5es legais ou regulat\u00f3rias aplic\u00e1veis. O tempo m\u00ednimo de armazenamento \u00e9 de 6 meses para dados comportamentais, segundo o Art. 15 do Marco Civil da Internet e de 5 anos ap\u00f3s o t\u00e9rmino da rela\u00e7\u00e3o com o usu\u00e1rio para dados cadastrais, segundo o Art. 27 do C\u00f3digo de Defesa do Consumidor. Uma vez expirados os per\u00edodos de armazenamento dos dados pessoais, eles podem vir a ser removidos de nossas bases de dados ou anonimizados, salvo nos casos em que houver a possibilidade e\/ou a necessidade de armazenamento em virtude de disposi\u00e7\u00e3o legal ou regulat\u00f3ria. Caso haja solicita\u00e7\u00e3o do Usu\u00e1rio, os dados poder\u00e3o ser apagados antes desse prazo. No entanto, pode ocorrer de os dados precisarem ser mantidos por per\u00edodo superior, por motivo de lei, ordem judicial, preven\u00e7\u00e3o \u00e0 fraude (art. 11, II, \u201ca\u201d da Lei Geral de Prote\u00e7\u00e3o de Dados \u201cLGPD\u201d, Lei n\u00ba 13.709\/2018), prote\u00e7\u00e3o ao cr\u00e9dito (art. 7\u00ba, X, LGPD) e outros interesses leg\u00edtimos, em conformidade com o artigo 10 da LGPD. Findo o prazo e a necessidade legal, ser\u00e3o exclu\u00eddos com uso de m\u00e9todos de descarte seguro, ou utilizados de forma anonimizada para fins estat\u00edsticos. Ressaltamos que os dados poder\u00e3o continuar armazenados se houver alguma justificativa legal ou regulat\u00f3ria, ainda que tenha se exaurido a finalidade para a qual os dados tenham sido coletados e\/ou tratados. Os dados s\u00e3o armazenados de forma cont\u00ednua enquanto o usu\u00e1rio tiver uma conta ativa em nosso site e\/ou continuar utilizando, navegando, interagindo, comunicando-se e mantendo algum tipo de rela\u00e7\u00e3o ou contato conosco. Uma vez finalizado o tratamento e\/ou a rela\u00e7\u00e3o com o usu\u00e1rio, observadas as disposi\u00e7\u00f5es desta se\u00e7\u00e3o, os dados s\u00e3o apagados ou anonimizados.<\/p>\n\n\n\n<p>5 \u2013 Bases legais para o tratamento de dados pessoais<\/p>\n\n\n\n<p>N\u00f3s tratamos os dados pessoais de nossos usu\u00e1rios mediante os seguintes fundamentos legais, que justificam o tratamento de dados:<\/p>\n\n\n\n<p>5.1 \u2013 Dados pessoais n\u00e3o sens\u00edveis<\/p>\n\n\n\n<p>\u2013 mediante o consentimento do titular dos dados pessoais;<\/p>\n\n\n\n<p>\u2013 para o cumprimento de obriga\u00e7\u00e3o legal ou regulat\u00f3ria pelo controlador;<\/p>\n\n\n\n<p>\u2013 para o exerc\u00edcio regular de direitos em processo judicial, administrativo ou arbitral;<\/p>\n\n\n\n<p>\u2013 para execu\u00e7\u00e3o de contrato ou de procedimentos preliminares relacionados a contrato do qual seja parte o titular, a pedido do titular dos dados pessoais;<\/p>\n\n\n\n<p>\u2013 para prote\u00e7\u00e3o do cr\u00e9dito<\/p>\n\n\n\n<p>\u2013 quando necess\u00e1rio para atender aos interesses leg\u00edtimos do controlador ou de terceiro;<\/p>\n\n\n\n<p>\u2013 Para prote\u00e7\u00e3o da vida ou integridade f\u00edsica de titular ou terceiro;<\/p>\n\n\n\n<p>5.2 \u2013 Dados de crian\u00e7as e adolescentes<\/p>\n\n\n\n<p>Este site n\u00e3o coleta dados de crian\u00e7as e adolescentes.<\/p>\n\n\n\n<p>5.3 \u2013 Consentimento do Titular<\/p>\n\n\n\n<p>Ao utilizar este site, solicitar servi\u00e7os e\/ou fornecer informa\u00e7\u00f5es pessoais o usu\u00e1rio est\u00e1 consentindo com a presente pol\u00edtica de privacidade.<\/p>\n\n\n\n<p>\u2013Determinadas opera\u00e7\u00f5es de tratamento de dados pessoais realizadas em nosso site depender\u00e3o da pr\u00e9via concord\u00e2ncia do usu\u00e1rio, que dever\u00e1 manifest\u00e1-la de forma livre, informada e inequ\u00edvoca. O usu\u00e1rio, ao visitar este site, entrar em contato, ao cadastrar-se e\/ou ao realizar qualquer tipo de intera\u00e7\u00e3o conosco, manifesta conhecer a presente pol\u00edtica e pode exercer seus direitos de cancelar seu cadastro, atualizar seus dados pessoais e garante a veracidade das informa\u00e7\u00f5es por ele disponibilizadas. O usu\u00e1rio poder\u00e1 revogar seu consentimento a qualquer momento e solicitar a exclus\u00e3o de seus dados, sendo que, n\u00e3o havendo hip\u00f3tese legal que permita ou que demande o armazenamento de dados, os dados fornecidos mediante consentimento ser\u00e3o exclu\u00eddos.<\/p>\n\n\n\n<p>5.4 \u2013 Cumprimento de obriga\u00e7\u00e3o legal ou regulat\u00f3ria pelo controlador<\/p>\n\n\n\n<p>Algumas opera\u00e7\u00f5es de tratamento de dados pessoais, sobretudo o armazenamento de dados, ser\u00e3o realizadas para que possamos cumprir obriga\u00e7\u00f5es previstas em lei ou em outras disposi\u00e7\u00f5es normativas aplic\u00e1veis \u00e0s nossas atividades.<\/p>\n\n\n\n<p>5.5 \u2013 Execu\u00e7\u00e3o de contrato<\/p>\n\n\n\n<p>Para a execu\u00e7\u00e3o de contrato compra e venda ou de presta\u00e7\u00e3o de servi\u00e7os, eventualmente firmado entre o site o usu\u00e1rio, poder\u00e3o ser coletados e armazenados outros dados relacionados e\/ou necess\u00e1rios a sua execu\u00e7\u00e3o, incluindo o teor de eventuais comunica\u00e7\u00f5es tidas com o usu\u00e1rio.<\/p>\n\n\n\n<p>6 \u2013 Direitos do Usu\u00e1rio<\/p>\n\n\n\n<p>O usu\u00e1rio do site possui os seguintes direitos, conferidos pela Lei Geral de Prote\u00e7\u00e3o de Dados Pessoais: \u2013 Confirma\u00e7\u00e3o da exist\u00eancia de tratamento;<\/p>\n\n\n\n<p>\u2013 Acesso aos dados;<\/p>\n\n\n\n<p>\u2013 Corre\u00e7\u00e3o de dados incompletos, inexatos ou desatualizados;<\/p>\n\n\n\n<p>\u2013 Anonimiza\u00e7\u00e3o, bloqueio ou elimina\u00e7\u00e3o de dados desnecess\u00e1rios, excessivos ou tratados em desconformidade com o disposto na lei;<\/p>\n\n\n\n<p>\u2013 Portabilidade dos dados a outro fornecedor de servi\u00e7o ou produto, mediante requisi\u00e7\u00e3o expressa, de acordo com a regulamenta\u00e7\u00e3o da autoridade nacional, observados os segredos comercial e industrial;<\/p>\n\n\n\n<p>\u2013 Elimina\u00e7\u00e3o dos dados pessoais tratados com o consentimento do titular, exceto nos casos previstos em lei;<\/p>\n\n\n\n<p>\u2013 Informa\u00e7\u00e3o das entidades p\u00fablicas e privadas com as quais o controlador realizou uso compartilhado de dados;<\/p>\n\n\n\n<p>\u2013 Informa\u00e7\u00e3o sobre a possibilidade de n\u00e3o fornecer consentimento e sobre as consequ\u00eancias da negativa;<\/p>\n\n\n\n<p>\u2013 Revoga\u00e7\u00e3o do consentimento. \u00c9 importante destacar que, nos termos da LGPD, n\u00e3o existe um direito de elimina\u00e7\u00e3o de dados tratados com fundamento em bases legais distintas do consentimento, a menos que os dados sejam desnecess\u00e1rios, excessivos ou tratados em desconformidade com o previsto na lei.<\/p>\n\n\n\n<p>6.1\u2013 Como o titular pode exercer seus direitos<\/p>\n\n\n\n<p>Os titulares de dados pessoais tratados por n\u00f3s poder\u00e3o exercer seus direitos por meio do formul\u00e1rio disponibilizado no seguinte caminho: Contato | Smart Turbo Bauru. Alternativamente, se desejar, o titular poder\u00e1 enviar um e-mail para o seguinte endere\u00e7o: smartturbina@gmail.com. Os titulares de dados pessoais tratados por n\u00f3s poder\u00e3o exercer seus direitos a partir do envio de mensagem para nosso Encarregado de Prote\u00e7\u00e3o de Dados Pessoais, seja por e-mail, formul\u00e1rio ou correspond\u00eancia. As informa\u00e7\u00f5es necess\u00e1rias est\u00e3o na se\u00e7\u00e3o \u201cComo entrar em contato conosco\u201d desta Pol\u00edtica de Privacidade. Para garantir que o usu\u00e1rio que pretende exercer seus direitos \u00e9, de fato, o titular dos dados pessoais objeto da requisi\u00e7\u00e3o, poderemos solicitar documentos ou outras informa\u00e7\u00f5es que possam auxiliar em sua correta identifica\u00e7\u00e3o, a fim de resguardar nossos direitos e os direitos de terceiros. Isto somente ser\u00e1 feito, por\u00e9m, se for absolutamente necess\u00e1rio, e o requerente receber\u00e1 todas as informa\u00e7\u00f5es relacionadas.<\/p>\n\n\n\n<p>7 \u2013 Medidas de seguran\u00e7a no tratamento de dados pessoais<\/p>\n\n\n\n<p>Empregamos medidas t\u00e9cnicas e administrativas aptas a proteger os dados pessoais de acessos n\u00e3o autorizados e de situa\u00e7\u00f5es de destrui\u00e7\u00e3o, perda, extravio ou altera\u00e7\u00e3o desses dados. As medidas que utilizamos levam em considera\u00e7\u00e3o a natureza dos dados, o contexto e a finalidade do tratamento, os riscos que uma eventual viola\u00e7\u00e3o geraria para os direitos e liberdades do usu\u00e1rio, as normas de seguran\u00e7a internacionais como a ISO 27001 e os padr\u00f5es empregados atualmente por empresas semelhantes \u00e0 nossa. Entre as medidas de seguran\u00e7a adotadas por n\u00f3s, destacamos as seguintes: Ainda que fa\u00e7amos tudo que estiver ao nosso alcance para evitar incidentes de seguran\u00e7a, \u00e9 poss\u00edvel que ocorra algum problema motivado exclusivamente por um terceiro, como em caso de ataques de hackers ou crackers ou, ainda, em casos de responsabilidade exclusiva do usu\u00e1rio, que ocorre, por exemplo, quando ele mesmo transfere seus dados a um terceiro. Assim, embora sejamos, em geral, respons\u00e1veis pelos dados pessoais que tratamos, nos eximimos de responsabilidade caso ocorra uma situa\u00e7\u00e3o excepcional como essas, sobre as quais n\u00e3o temos nenhum tipo de controle. De qualquer forma, caso ocorra qualquer tipo de incidente de seguran\u00e7a que possa gerar risco ou dano relevante para qualquer de nossos usu\u00e1rios, comunicaremos os afetados e a Autoridade Nacional de Prote\u00e7\u00e3o de Dados acerca do ocorrido, em conformidade com o disposto na Lei.<\/p>\n\n\n\n<p>8 \u2013 Altera\u00e7\u00f5es nesta pol\u00edtica<\/p>\n\n\n\n<p>A presente vers\u00e3o desta Pol\u00edtica de Privacidade foi atualizada pela \u00faltima vez em: 30\/06\/2021 Nos reservamos o direito de modificar a pol\u00edtica de privacidade a qualquer momento, especialmente para adapt\u00e1-las \u00e0s altera\u00e7\u00f5es feitas em nosso site, seja pela disponibiliza\u00e7\u00e3o de novas funcionalidades, seja pelo cancelamento ou modifica\u00e7\u00e3o daquelas j\u00e1 existentes. Sempre que houver uma modifica\u00e7\u00e3o, nossos usu\u00e1rios ser\u00e3o notificados sobre a mudan\u00e7a.<\/p>\n\n\n\n<p>9 \u2013 Como entrar em contato conosco<\/p>\n\n\n\n<p>Para esclarecer quaisquer d\u00favidas sobre esta Pol\u00edtica de Privacidade ou sobre os dados pessoais que tratamos, entre em contato com nosso Encarregado de Prote\u00e7\u00e3o de Dados Pessoais, por algum dos canais abaixo:<\/p>\n\n\n\n<p>-E-mail:\u00a0smartturbina@gmail.com<\/p>\n\n\n\n<p>Telefone: (14) 99890-6087<\/p>\n\n\n\n<p>Endere\u00e7o: R. Manoel The\u00f3philo Pinto Ribeiro, 2-44 &#8211; Pq Araruna, Bauru &#8211; SP, 17024-615<\/p>\n\n\n\n<p>10 \u2013 Jurisdi\u00e7\u00e3o para Resolu\u00e7\u00e3o de Conflitos<\/p>\n\n\n\n<p>Este documento \u00e9 regido e deve ser interpretado de acordo com as leis da Rep\u00fablica Federativa do Brasil. Os eventuais lit\u00edgios dever\u00e3o ser apresentados no foro da comarca em que se encontra a sede da empresa. Fica eleito o Foro da Comarca de Bauru\/SP, como o competente para dirimir quaisquer quest\u00f5es porventura oriundas do presente documento, com expressa ren\u00fancia a qualquer outro, por mais privilegiado que seja.<\/p>\n","protected":false},"excerpt":{"rendered":"<p>Pol\u00edtica de Privacidade Este site \u00e9 mantido e operado por Smart Turbo Bauru. A pol\u00edtica de privacidade e termos de uso se aplicam a todos&hellip;<\/p>\n","protected":false},"author":2,"featured_media":0,"parent":0,"menu_order":0,"comment_status":"closed","ping_status":"closed","template":"","meta":{"_joinchat":[],"footnotes":""},"class_list":["post-376","page","type-page","status-publish","hentry"],"_links":{"self":[{"href":"https:\/\/smartturbobauru.com.br\/index.php?rest_route=\/wp\/v2\/pages\/376","targetHints":{"allow":["GET"]}}],"collection":[{"href":"https:\/\/smartturbobauru.com.br\/index.php?rest_route=\/wp\/v2\/pages"}],"about":[{"href":"https:\/\/smartturbobauru.com.br\/index.php?rest_route=\/wp\/v2\/types\/page"}],"author":[{"embeddable":true,"href":"https:\/\/smartturbobauru.com.br\/index.php?rest_route=\/wp\/v2\/users\/2"}],"replies":[{"embeddable":true,"href":"https:\/\/smartturbobauru.com.br\/index.php?rest_route=%2Fwp%2Fv2%2Fcomments&post=376"}],"version-history":[{"count":1,"href":"https:\/\/smartturbobauru.com.br\/index.php?rest_route=\/wp\/v2\/pages\/376\/revisions"}],"predecessor-version":[{"id":378,"href":"https:\/\/smartturbobauru.com.br\/index.php?rest_route=\/wp\/v2\/pages\/376\/revisions\/378"}],"wp:attachment":[{"href":"https:\/\/smartturbobauru.com.br\/index.php?rest_route=%2Fwp%2Fv2%2Fmedia&parent=376"}],"curies":[{"name":"wp","href":"https:\/\/api.w.org\/{rel}","templated":true}]}}